{"id":125,"date":"2016-02-03T10:39:17","date_gmt":"2016-02-03T10:39:17","guid":{"rendered":"https:\/\/www.arzak.es\/fr\/historia\/"},"modified":"2022-04-13T13:37:22","modified_gmt":"2022-04-13T13:37:22","slug":"histoire","status":"publish","type":"page","link":"https:\/\/www.arzak.es\/fr\/histoire\/","title":{"rendered":"Histoire"},"content":{"rendered":"<p>L&#8217;histoire du restaurant Arzak d\u00e9marre en 1897 avec la construction par les grands-parents de Juan Mari Arzak de la demeure qui abrite encore aujourd&#8217;hui son restaurant.<\/p>\n<p>Ce fut dans un premier temps une cave \u00e0 vin, puis une taverne. Les parents de Juan Mari Arzak en firent par la suite un restaurant qui jouissait d&#8217;un certain renom et raffinement, avec Paquita Arratibel aux fourneaux. Ses rago\u00fbts et ses pr\u00e9parations \u00e9l\u00e9mentaires inspir\u00e9es des recettes basques et de Saint-S\u00e9bastien \u00e9taient r\u00e9put\u00e9s.<\/p>\n<p>En 1966, Juan Mari Arzak prend la t\u00eate du restaurant en compagnie de sa m\u00e8re, qui a \u00e9t\u00e9 sa maitresse dans l&#8217;apprentissage de la cuisine traditionnelle basque, auquel se sont ajout\u00e9es sa grande curiosit\u00e9 et ses envies d&#8217;innover, qui l&#8217;ont amen\u00e9 \u00e0 \u00e9laborer ses propres recettes. Des plats basques traditionnels auxquels elle apportait sa touche personnelle.<\/p>\n<p>Son grand talent attira bien vite l&#8217;attention, ce qui lui valut de recevoir le prix national de gastronomie \u00e0 l&#8217;\u00e2ge de 32\u00a0ans et la premi\u00e8re \u00e9toile au prestigieux Guide Michelin pour le restaurant Arzak.<\/p>\n<p>Vers la moiti\u00e9 des ann\u00e9es soixante-dix, les prix et les reconnaissances s&#8217;encha\u00eenent, ce qui hisse le restaurant Arzak au rang des r\u00e9f\u00e9rences culinaires en Espagne et \u00e0 l&#8217;international. En 1976, un groupe de cuisiniers, dont fait partie Juan Mari Arzak, r\u00e9volutionne la gastronomie et cr\u00e9e un concept et un mouvement : la nouvelle cuisine basque. En 1977, il a obtenu la deuxi\u00e8me \u00e9toile Michelin et en 1989, il se voit d\u00e9cerner la troisi\u00e8me \u00e9toile du Guide Michelin. Il s&#8217;agit du premier chef cuisinier \u00e0 avoir re\u00e7u cette triple reconnaissance en Espagne, qu&#8217;il arbore toujours aujourd&#8217;hui.<\/p>\n<p>Dans les ann\u00e9es quatre-vingt-dix, Elena Arzak, fille de Juan Mari Arzak, int\u00e8gre le restaurant familial.\u00a0Elena a fait des \u00e9tudes d&#8217;h\u00f4tellerie en Suisse avant de travailler aux fourneaux des grands restaurants d&#8217;Europe, \u00e0 l&#8217;instar de la Maison Troisgros, Bras, Pierre Gagnaire, Carr\u00e9 des Feuillants et Le Vivarois en France, Louis XV \u00e0 Monte-Carlo, Le Gavroche \u00e0 Londres, Antica Oster\u00eda del Ponte en Italie et El Bulli en Espagne.<\/p>\n<p>En mai 2001, elle re\u00e7oit le\u00a0prix Chef de l\u2019Avenir de l&#8217;Acad\u00e9mie Internationale de Gastronomie. En 2010, l&#8217;Acad\u00e9mie de la Gastronomie Espagnole lui d\u00e9cerne le\u00a0Prix National de Gastronomie. Et en 2012, elle est sacr\u00e9e Meilleure Femme chef du monde par le prix Veuve Clicquot.<\/p>\n<p>Aujourd&#8217;hui, Juan Mari Arzak partage avec sa fille Elena ses fourneaux, ses connaissances, sa passion et son envie de continuer \u00e0 \u00e9crire l&#8217;histoire d&#8217;Arzak. <strong>Histoire de la famille Arzak.<\/strong><\/p>\n","protected":false},"excerpt":{"rendered":"<p>L&#8217;histoire du restaurant Arzak d\u00e9marre en 1897 avec la construction par les grands-parents de Juan Mari Arzak de la demeure qui abrite encore aujourd&#8217;hui son restaurant. Ce fut dans un premier temps une cave \u00e0 vin, puis une taverne. Les parents de Juan Mari Arzak en firent par la suite un restaurant qui jouissait d&#8217;un&#8230;  <a class=\"excerpt-read-more\" href=\"https:\/\/www.arzak.es\/fr\/histoire\/\" title=\"LireHistoire\">Lire la suite &raquo;<\/a><\/p>\n","protected":false},"author":2,"featured_media":0,"parent":0,"menu_order":0,"comment_status":"closed","ping_status":"closed","template":"","meta":[],"yoast_head":"<!-- This site is optimized with the Yoast SEO plugin v17.0 - https:\/\/yoast.com\/wordpress\/plugins\/seo\/ -->\n<meta name=\"robots\" content=\"index, follow, max-snippet:-1, max-image-preview:large, max-video-preview:-1\" \/>\n<link rel=\"canonical\" href=\"https:\/\/www.arzak.es\/fr\/histoire\/\" \/>\n<meta property=\"og:locale\" content=\"fr_FR\" \/>\n<meta property=\"og:type\" content=\"article\" \/>\n<meta property=\"og:title\" content=\"Histoire - Restaurante Arzak\" \/>\n<meta property=\"og:description\" content=\"L&#8217;histoire du restaurant Arzak d\u00e9marre en 1897 avec la construction par les grands-parents de Juan Mari Arzak de la demeure qui abrite encore aujourd&#8217;hui son restaurant. Ce fut dans un premier temps une cave \u00e0 vin, puis une taverne. Les parents de Juan Mari Arzak en firent par la suite un restaurant qui jouissait d&#8217;un... Lire la suite &raquo;\" \/>\n<meta property=\"og:url\" content=\"https:\/\/www.arzak.es\/fr\/histoire\/\" \/>\n<meta property=\"og:site_name\" content=\"Restaurante Arzak\" \/>\n<meta property=\"article:publisher\" content=\"https:\/\/www.facebook.com\/pages\/Arzak\/104106769624822?fref=ts&amp;amp%3bamp%3bamp%3bamp%3bamp%3bamp%3bamp%3brf=410936008931781\" \/>\n<meta property=\"article:modified_time\" content=\"2022-04-13T13:37:22+00:00\" \/>\n<meta name=\"twitter:card\" content=\"summary\" \/>\n<meta name=\"twitter:site\" content=\"@arzakrestaurant\" \/>\n<meta name=\"twitter:label1\" content=\"Est. reading time\" \/>\n\t<meta name=\"twitter:data1\" content=\"2 minutes\" \/>\n<script type=\"application\/ld+json\" class=\"yoast-schema-graph\">{\"@context\":\"https:\/\/schema.org\",\"@graph\":[{\"@type\":\"Organization\",\"@id\":\"https:\/\/www.arzak.es\/#organization\",\"name\":\"Restaurante Arzak\",\"url\":\"https:\/\/www.arzak.es\/\",\"sameAs\":[\"https:\/\/www.facebook.com\/pages\/Arzak\/104106769624822?fref=ts&amp;amp;amp;amp;amp;amp;amp;rf=410936008931781\",\"http:\/\/arzakrestaurant\",\"https:\/\/twitter.com\/arzakrestaurant\"],\"logo\":{\"@type\":\"ImageObject\",\"@id\":\"https:\/\/www.arzak.es\/#logo\",\"inLanguage\":\"fr-FR\",\"url\":\"https:\/\/www.arzak.es\/wp-content\/uploads\/2017\/01\/arzak-gkg.png\",\"contentUrl\":\"https:\/\/www.arzak.es\/wp-content\/uploads\/2017\/01\/arzak-gkg.png\",\"width\":1920,\"height\":1080,\"caption\":\"Restaurante Arzak\"},\"image\":{\"@id\":\"https:\/\/www.arzak.es\/#logo\"}},{\"@type\":\"WebSite\",\"@id\":\"https:\/\/www.arzak.es\/#website\",\"url\":\"https:\/\/www.arzak.es\/\",\"name\":\"Restaurante Arzak\",\"description\":\"Arzak\",\"publisher\":{\"@id\":\"https:\/\/www.arzak.es\/#organization\"},\"potentialAction\":[{\"@type\":\"SearchAction\",\"target\":{\"@type\":\"EntryPoint\",\"urlTemplate\":\"https:\/\/www.arzak.es\/?s={search_term_string}\"},\"query-input\":\"required name=search_term_string\"}],\"inLanguage\":\"fr-FR\"},{\"@type\":\"WebPage\",\"@id\":\"https:\/\/www.arzak.es\/fr\/histoire\/#webpage\",\"url\":\"https:\/\/www.arzak.es\/fr\/histoire\/\",\"name\":\"Histoire - Restaurante Arzak\",\"isPartOf\":{\"@id\":\"https:\/\/www.arzak.es\/#website\"},\"datePublished\":\"2016-02-03T10:39:17+00:00\",\"dateModified\":\"2022-04-13T13:37:22+00:00\",\"breadcrumb\":{\"@id\":\"https:\/\/www.arzak.es\/fr\/histoire\/#breadcrumb\"},\"inLanguage\":\"fr-FR\",\"potentialAction\":[{\"@type\":\"ReadAction\",\"target\":[\"https:\/\/www.arzak.es\/fr\/histoire\/\"]}]},{\"@type\":\"BreadcrumbList\",\"@id\":\"https:\/\/www.arzak.es\/fr\/histoire\/#breadcrumb\",\"itemListElement\":[{\"@type\":\"ListItem\",\"position\":1,\"name\":\"Portada\",\"item\":\"https:\/\/www.arzak.es\/fr\/\"},{\"@type\":\"ListItem\",\"position\":2,\"name\":\"Histoire\"}]}]}<\/script>\n<!-- \/ Yoast SEO plugin. -->","yoast_head_json":{"robots":{"index":"index","follow":"follow","max-snippet":"max-snippet:-1","max-image-preview":"max-image-preview:large","max-video-preview":"max-video-preview:-1"},"canonical":"https:\/\/www.arzak.es\/fr\/histoire\/","og_locale":"fr_FR","og_type":"article","og_title":"Histoire - Restaurante Arzak","og_description":"L&#8217;histoire du restaurant Arzak d\u00e9marre en 1897 avec la construction par les grands-parents de Juan Mari Arzak de la demeure qui abrite encore aujourd&#8217;hui son restaurant. Ce fut dans un premier temps une cave \u00e0 vin, puis une taverne. Les parents de Juan Mari Arzak en firent par la suite un restaurant qui jouissait d&#8217;un... Lire la suite &raquo;","og_url":"https:\/\/www.arzak.es\/fr\/histoire\/","og_site_name":"Restaurante Arzak","article_publisher":"https:\/\/www.facebook.com\/pages\/Arzak\/104106769624822?fref=ts&amp%3bamp%3bamp%3bamp%3bamp%3bamp%3bamp%3brf=410936008931781","article_modified_time":"2022-04-13T13:37:22+00:00","twitter_card":"summary","twitter_site":"@arzakrestaurant","twitter_misc":{"Est. reading time":"2 minutes"},"schema":{"@context":"https:\/\/schema.org","@graph":[{"@type":"Organization","@id":"https:\/\/www.arzak.es\/#organization","name":"Restaurante Arzak","url":"https:\/\/www.arzak.es\/","sameAs":["https:\/\/www.facebook.com\/pages\/Arzak\/104106769624822?fref=ts&amp;amp;amp;amp;amp;amp;amp;rf=410936008931781","http:\/\/arzakrestaurant","https:\/\/twitter.com\/arzakrestaurant"],"logo":{"@type":"ImageObject","@id":"https:\/\/www.arzak.es\/#logo","inLanguage":"fr-FR","url":"https:\/\/www.arzak.es\/wp-content\/uploads\/2017\/01\/arzak-gkg.png","contentUrl":"https:\/\/www.arzak.es\/wp-content\/uploads\/2017\/01\/arzak-gkg.png","width":1920,"height":1080,"caption":"Restaurante Arzak"},"image":{"@id":"https:\/\/www.arzak.es\/#logo"}},{"@type":"WebSite","@id":"https:\/\/www.arzak.es\/#website","url":"https:\/\/www.arzak.es\/","name":"Restaurante Arzak","description":"Arzak","publisher":{"@id":"https:\/\/www.arzak.es\/#organization"},"potentialAction":[{"@type":"SearchAction","target":{"@type":"EntryPoint","urlTemplate":"https:\/\/www.arzak.es\/?s={search_term_string}"},"query-input":"required name=search_term_string"}],"inLanguage":"fr-FR"},{"@type":"WebPage","@id":"https:\/\/www.arzak.es\/fr\/histoire\/#webpage","url":"https:\/\/www.arzak.es\/fr\/histoire\/","name":"Histoire - Restaurante Arzak","isPartOf":{"@id":"https:\/\/www.arzak.es\/#website"},"datePublished":"2016-02-03T10:39:17+00:00","dateModified":"2022-04-13T13:37:22+00:00","breadcrumb":{"@id":"https:\/\/www.arzak.es\/fr\/histoire\/#breadcrumb"},"inLanguage":"fr-FR","potentialAction":[{"@type":"ReadAction","target":["https:\/\/www.arzak.es\/fr\/histoire\/"]}]},{"@type":"BreadcrumbList","@id":"https:\/\/www.arzak.es\/fr\/histoire\/#breadcrumb","itemListElement":[{"@type":"ListItem","position":1,"name":"Portada","item":"https:\/\/www.arzak.es\/fr\/"},{"@type":"ListItem","position":2,"name":"Histoire"}]}]}},"_links":{"self":[{"href":"https:\/\/www.arzak.es\/fr\/wp-json\/wp\/v2\/pages\/125"}],"collection":[{"href":"https:\/\/www.arzak.es\/fr\/wp-json\/wp\/v2\/pages"}],"about":[{"href":"https:\/\/www.arzak.es\/fr\/wp-json\/wp\/v2\/types\/page"}],"author":[{"embeddable":true,"href":"https:\/\/www.arzak.es\/fr\/wp-json\/wp\/v2\/users\/2"}],"replies":[{"embeddable":true,"href":"https:\/\/www.arzak.es\/fr\/wp-json\/wp\/v2\/comments?post=125"}],"version-history":[{"count":6,"href":"https:\/\/www.arzak.es\/fr\/wp-json\/wp\/v2\/pages\/125\/revisions"}],"predecessor-version":[{"id":8664,"href":"https:\/\/www.arzak.es\/fr\/wp-json\/wp\/v2\/pages\/125\/revisions\/8664"}],"wp:attachment":[{"href":"https:\/\/www.arzak.es\/fr\/wp-json\/wp\/v2\/media?parent=125"}],"curies":[{"name":"wp","href":"https:\/\/api.w.org\/{rel}","templated":true}]}}