{"id":133,"date":"2016-02-02T13:03:55","date_gmt":"2016-02-02T13:03:55","guid":{"rendered":"https:\/\/www.arzak.es\/fr\/cocina-y-restaurante\/"},"modified":"2016-12-18T12:28:06","modified_gmt":"2016-12-18T12:28:06","slug":"cuisin-et-restaurant","status":"publish","type":"page","link":"https:\/\/www.arzak.es\/fr\/cuisin-et-restaurant\/","title":{"rendered":"Cuisine et restaurant"},"content":{"rendered":"<p>La cuisine d&#8217;Arzak est impr\u00e9gn\u00e9e de la personnalit\u00e9 d&#8217;Arzak.<br \/>\nElle est \u00e9troitement li\u00e9e \u00e0 ses racines et dot\u00e9e d&#8217;un esprit cr\u00e9ateur en constante \u00e9volution.<\/p>\n<p><strong>C&#8217;est une cuisine d&#8217;auteur.<\/strong> Chaque plat qui sort de la cuisine d&#8217;Arzak porte son timbre.<br \/>\n<strong>De march\u00e9.<\/strong> La mati\u00e8re premi\u00e8re gouverne le plat.<br \/>\n<strong>Forte de son esprit basque.<\/strong> On ne choisit pas d&#8217;\u00eatre Basque, c&#8217;est une responsabilit\u00e9.<br \/>\n<strong>Cr\u00e9ative.<\/strong> Nous travaillons tous les jours de la m\u00eame fa\u00e7on. Chaque jour le travail est diff\u00e9rent.<br \/>\n<strong>Innovante.<\/strong> \u00catre les premiers, voil\u00e0 notre motivation.<br \/>\n<strong>Et en constante \u00e9volution.<\/strong><\/p>\n<p>Pure gr\u00e2ce \u00e0 sa mati\u00e8re premi\u00e8re. Intense dans son \u00e9laboration.<\/p>\n<p><strong>Restaurant Arzak, maison Arzak.<\/strong><br \/>\nUn lieu pour manger. Pour d\u00e9couvrir. Pour exp\u00e9rimenter.<\/p>\n","protected":false},"excerpt":{"rendered":"<p>La cuisine d&#8217;Arzak est impr\u00e9gn\u00e9e de la personnalit\u00e9 d&#8217;Arzak. Elle est \u00e9troitement li\u00e9e \u00e0 ses racines et dot\u00e9e d&#8217;un esprit cr\u00e9ateur en constante \u00e9volution. C&#8217;est une cuisine d&#8217;auteur. Chaque plat qui sort de la cuisine d&#8217;Arzak porte son timbre. De march\u00e9. La mati\u00e8re premi\u00e8re gouverne le plat. Forte de son esprit basque. On ne choisit&#8230;  <a class=\"excerpt-read-more\" href=\"https:\/\/www.arzak.es\/fr\/cuisin-et-restaurant\/\" title=\"LireCuisine et restaurant\">Lire la suite &raquo;<\/a><\/p>\n","protected":false},"author":2,"featured_media":0,"parent":0,"menu_order":0,"comment_status":"closed","ping_status":"closed","template":"","meta":[],"yoast_head":"<!-- This site is optimized with the Yoast SEO plugin v17.0 - https:\/\/yoast.com\/wordpress\/plugins\/seo\/ -->\n<meta name=\"robots\" content=\"index, follow, max-snippet:-1, max-image-preview:large, max-video-preview:-1\" \/>\n<link rel=\"canonical\" href=\"https:\/\/www.arzak.es\/fr\/cuisin-et-restaurant\/\" \/>\n<meta property=\"og:locale\" content=\"fr_FR\" \/>\n<meta property=\"og:type\" content=\"article\" \/>\n<meta property=\"og:title\" content=\"Cuisine et restaurant - Restaurante Arzak\" \/>\n<meta property=\"og:description\" content=\"La cuisine d&#8217;Arzak est impr\u00e9gn\u00e9e de la personnalit\u00e9 d&#8217;Arzak. Elle est \u00e9troitement li\u00e9e \u00e0 ses racines et dot\u00e9e d&#8217;un esprit cr\u00e9ateur en constante \u00e9volution. C&#8217;est une cuisine d&#8217;auteur. Chaque plat qui sort de la cuisine d&#8217;Arzak porte son timbre. De march\u00e9. La mati\u00e8re premi\u00e8re gouverne le plat. Forte de son esprit basque. On ne choisit... Lire la suite &raquo;\" \/>\n<meta property=\"og:url\" content=\"https:\/\/www.arzak.es\/fr\/cuisin-et-restaurant\/\" \/>\n<meta property=\"og:site_name\" content=\"Restaurante Arzak\" \/>\n<meta property=\"article:publisher\" content=\"https:\/\/www.facebook.com\/pages\/Arzak\/104106769624822?fref=ts&amp;amp%3bamp%3bamp%3bamp%3bamp%3bamp%3bamp%3brf=410936008931781\" \/>\n<meta property=\"article:modified_time\" content=\"2016-12-18T12:28:06+00:00\" \/>\n<meta name=\"twitter:card\" content=\"summary\" \/>\n<meta name=\"twitter:site\" content=\"@arzakrestaurant\" \/>\n<meta name=\"twitter:label1\" content=\"Est. reading time\" \/>\n\t<meta name=\"twitter:data1\" content=\"1 minute\" \/>\n<script type=\"application\/ld+json\" class=\"yoast-schema-graph\">{\"@context\":\"https:\/\/schema.org\",\"@graph\":[{\"@type\":\"Organization\",\"@id\":\"https:\/\/www.arzak.es\/#organization\",\"name\":\"Restaurante Arzak\",\"url\":\"https:\/\/www.arzak.es\/\",\"sameAs\":[\"https:\/\/www.facebook.com\/pages\/Arzak\/104106769624822?fref=ts&amp;amp;amp;amp;amp;amp;amp;rf=410936008931781\",\"http:\/\/arzakrestaurant\",\"https:\/\/twitter.com\/arzakrestaurant\"],\"logo\":{\"@type\":\"ImageObject\",\"@id\":\"https:\/\/www.arzak.es\/#logo\",\"inLanguage\":\"fr-FR\",\"url\":\"https:\/\/www.arzak.es\/wp-content\/uploads\/2017\/01\/arzak-gkg.png\",\"contentUrl\":\"https:\/\/www.arzak.es\/wp-content\/uploads\/2017\/01\/arzak-gkg.png\",\"width\":1920,\"height\":1080,\"caption\":\"Restaurante Arzak\"},\"image\":{\"@id\":\"https:\/\/www.arzak.es\/#logo\"}},{\"@type\":\"WebSite\",\"@id\":\"https:\/\/www.arzak.es\/#website\",\"url\":\"https:\/\/www.arzak.es\/\",\"name\":\"Restaurante Arzak\",\"description\":\"Arzak\",\"publisher\":{\"@id\":\"https:\/\/www.arzak.es\/#organization\"},\"potentialAction\":[{\"@type\":\"SearchAction\",\"target\":{\"@type\":\"EntryPoint\",\"urlTemplate\":\"https:\/\/www.arzak.es\/?s={search_term_string}\"},\"query-input\":\"required name=search_term_string\"}],\"inLanguage\":\"fr-FR\"},{\"@type\":\"WebPage\",\"@id\":\"https:\/\/www.arzak.es\/fr\/cuisin-et-restaurant\/#webpage\",\"url\":\"https:\/\/www.arzak.es\/fr\/cuisin-et-restaurant\/\",\"name\":\"Cuisine et restaurant - Restaurante Arzak\",\"isPartOf\":{\"@id\":\"https:\/\/www.arzak.es\/#website\"},\"datePublished\":\"2016-02-02T13:03:55+00:00\",\"dateModified\":\"2016-12-18T12:28:06+00:00\",\"breadcrumb\":{\"@id\":\"https:\/\/www.arzak.es\/fr\/cuisin-et-restaurant\/#breadcrumb\"},\"inLanguage\":\"fr-FR\",\"potentialAction\":[{\"@type\":\"ReadAction\",\"target\":[\"https:\/\/www.arzak.es\/fr\/cuisin-et-restaurant\/\"]}]},{\"@type\":\"BreadcrumbList\",\"@id\":\"https:\/\/www.arzak.es\/fr\/cuisin-et-restaurant\/#breadcrumb\",\"itemListElement\":[{\"@type\":\"ListItem\",\"position\":1,\"name\":\"Portada\",\"item\":\"https:\/\/www.arzak.es\/fr\/\"},{\"@type\":\"ListItem\",\"position\":2,\"name\":\"Cuisine et restaurant\"}]}]}<\/script>\n<!-- \/ Yoast SEO plugin. -->","yoast_head_json":{"robots":{"index":"index","follow":"follow","max-snippet":"max-snippet:-1","max-image-preview":"max-image-preview:large","max-video-preview":"max-video-preview:-1"},"canonical":"https:\/\/www.arzak.es\/fr\/cuisin-et-restaurant\/","og_locale":"fr_FR","og_type":"article","og_title":"Cuisine et restaurant - Restaurante Arzak","og_description":"La cuisine d&#8217;Arzak est impr\u00e9gn\u00e9e de la personnalit\u00e9 d&#8217;Arzak. Elle est \u00e9troitement li\u00e9e \u00e0 ses racines et dot\u00e9e d&#8217;un esprit cr\u00e9ateur en constante \u00e9volution. C&#8217;est une cuisine d&#8217;auteur. Chaque plat qui sort de la cuisine d&#8217;Arzak porte son timbre. De march\u00e9. La mati\u00e8re premi\u00e8re gouverne le plat. Forte de son esprit basque. On ne choisit... Lire la suite &raquo;","og_url":"https:\/\/www.arzak.es\/fr\/cuisin-et-restaurant\/","og_site_name":"Restaurante Arzak","article_publisher":"https:\/\/www.facebook.com\/pages\/Arzak\/104106769624822?fref=ts&amp%3bamp%3bamp%3bamp%3bamp%3bamp%3bamp%3brf=410936008931781","article_modified_time":"2016-12-18T12:28:06+00:00","twitter_card":"summary","twitter_site":"@arzakrestaurant","twitter_misc":{"Est. reading time":"1 minute"},"schema":{"@context":"https:\/\/schema.org","@graph":[{"@type":"Organization","@id":"https:\/\/www.arzak.es\/#organization","name":"Restaurante Arzak","url":"https:\/\/www.arzak.es\/","sameAs":["https:\/\/www.facebook.com\/pages\/Arzak\/104106769624822?fref=ts&amp;amp;amp;amp;amp;amp;amp;rf=410936008931781","http:\/\/arzakrestaurant","https:\/\/twitter.com\/arzakrestaurant"],"logo":{"@type":"ImageObject","@id":"https:\/\/www.arzak.es\/#logo","inLanguage":"fr-FR","url":"https:\/\/www.arzak.es\/wp-content\/uploads\/2017\/01\/arzak-gkg.png","contentUrl":"https:\/\/www.arzak.es\/wp-content\/uploads\/2017\/01\/arzak-gkg.png","width":1920,"height":1080,"caption":"Restaurante Arzak"},"image":{"@id":"https:\/\/www.arzak.es\/#logo"}},{"@type":"WebSite","@id":"https:\/\/www.arzak.es\/#website","url":"https:\/\/www.arzak.es\/","name":"Restaurante Arzak","description":"Arzak","publisher":{"@id":"https:\/\/www.arzak.es\/#organization"},"potentialAction":[{"@type":"SearchAction","target":{"@type":"EntryPoint","urlTemplate":"https:\/\/www.arzak.es\/?s={search_term_string}"},"query-input":"required name=search_term_string"}],"inLanguage":"fr-FR"},{"@type":"WebPage","@id":"https:\/\/www.arzak.es\/fr\/cuisin-et-restaurant\/#webpage","url":"https:\/\/www.arzak.es\/fr\/cuisin-et-restaurant\/","name":"Cuisine et restaurant - Restaurante Arzak","isPartOf":{"@id":"https:\/\/www.arzak.es\/#website"},"datePublished":"2016-02-02T13:03:55+00:00","dateModified":"2016-12-18T12:28:06+00:00","breadcrumb":{"@id":"https:\/\/www.arzak.es\/fr\/cuisin-et-restaurant\/#breadcrumb"},"inLanguage":"fr-FR","potentialAction":[{"@type":"ReadAction","target":["https:\/\/www.arzak.es\/fr\/cuisin-et-restaurant\/"]}]},{"@type":"BreadcrumbList","@id":"https:\/\/www.arzak.es\/fr\/cuisin-et-restaurant\/#breadcrumb","itemListElement":[{"@type":"ListItem","position":1,"name":"Portada","item":"https:\/\/www.arzak.es\/fr\/"},{"@type":"ListItem","position":2,"name":"Cuisine et restaurant"}]}]}},"_links":{"self":[{"href":"https:\/\/www.arzak.es\/fr\/wp-json\/wp\/v2\/pages\/133"}],"collection":[{"href":"https:\/\/www.arzak.es\/fr\/wp-json\/wp\/v2\/pages"}],"about":[{"href":"https:\/\/www.arzak.es\/fr\/wp-json\/wp\/v2\/types\/page"}],"author":[{"embeddable":true,"href":"https:\/\/www.arzak.es\/fr\/wp-json\/wp\/v2\/users\/2"}],"replies":[{"embeddable":true,"href":"https:\/\/www.arzak.es\/fr\/wp-json\/wp\/v2\/comments?post=133"}],"version-history":[{"count":6,"href":"https:\/\/www.arzak.es\/fr\/wp-json\/wp\/v2\/pages\/133\/revisions"}],"predecessor-version":[{"id":545,"href":"https:\/\/www.arzak.es\/fr\/wp-json\/wp\/v2\/pages\/133\/revisions\/545"}],"wp:attachment":[{"href":"https:\/\/www.arzak.es\/fr\/wp-json\/wp\/v2\/media?parent=133"}],"curies":[{"name":"wp","href":"https:\/\/api.w.org\/{rel}","templated":true}]}}