{"id":151,"date":"2016-02-03T10:40:16","date_gmt":"2016-02-03T10:40:16","guid":{"rendered":"https:\/\/www.arzak.es\/fr\/instructions\/"},"modified":"2016-11-21T11:58:57","modified_gmt":"2016-11-21T11:58:57","slug":"instruction","status":"publish","type":"page","link":"https:\/\/www.arzak.es\/fr\/instruction\/","title":{"rendered":"Instruction"},"content":{"rendered":"<p>Chez Arzak chaque jour nous apprenons une nouvelle chose. Et bien souvent de nos coll\u00e8gues. C&#8217;est pourquoi nous partageons aussi nos connaissances.<\/p>\n<p>Arzak Instruction est une entreprise fond\u00e9e par Arzak vou\u00e9e au service de conseil personnalis\u00e9 aux entreprises du secteur de la restauration et de l&#8217;alimentation\u00a0: restaurants, services traiteur, entreprises alimentaires\u2026<\/p>\n<p>Nous offrons nos services de conseil en mati\u00e8re de rafra\u00eechissement des cartes et des menus, de recyclage du personnel, ainsi que dans l&#8217;am\u00e9nagement de nouvelles cuisines. Nous conseillons sur la mise en \u0153uvre de nouveaux \u00e9tablissements.<\/p>\n<p>Arzak Instruction se compose d&#8217;une \u00e9quipe de professionnels dynamique, comp\u00e9tente et avertie, associ\u00e9e au restaurant, qui se charge de mener \u00e0 bien le travail l\u00e0 o\u00f9 cela est n\u00e9cessaire. Nous sommes aux c\u00f4t\u00e9s de ceux qui ont besoin de nous o\u00f9 qu&#8217;ils soient.<\/p>\n<p>Pour en savoir plus, \u00e9crivez-nous \u00e0 l&#8217;adresse suivante <a href=\"mailto:asesoramientos@arzak.es\">asesoramientos@arzak.es<\/a><br \/>\nNous vous soumettrons un devis sans engagement.<\/p>\n","protected":false},"excerpt":{"rendered":"<p>Chez Arzak chaque jour nous apprenons une nouvelle chose. Et bien souvent de nos coll\u00e8gues. C&#8217;est pourquoi nous partageons aussi nos connaissances. Arzak Instruction est une entreprise fond\u00e9e par Arzak vou\u00e9e au service de conseil personnalis\u00e9 aux entreprises du secteur de la restauration et de l&#8217;alimentation\u00a0: restaurants, services traiteur, entreprises alimentaires\u2026 Nous offrons nos services&#8230;  <a class=\"excerpt-read-more\" href=\"https:\/\/www.arzak.es\/fr\/instruction\/\" title=\"LireInstruction\">Lire la suite &raquo;<\/a><\/p>\n","protected":false},"author":2,"featured_media":0,"parent":0,"menu_order":0,"comment_status":"closed","ping_status":"closed","template":"","meta":[],"yoast_head":"<!-- This site is optimized with the Yoast SEO plugin v17.0 - https:\/\/yoast.com\/wordpress\/plugins\/seo\/ -->\n<meta name=\"robots\" content=\"index, follow, max-snippet:-1, max-image-preview:large, max-video-preview:-1\" \/>\n<link rel=\"canonical\" href=\"https:\/\/www.arzak.es\/fr\/instruction\/\" \/>\n<meta property=\"og:locale\" content=\"fr_FR\" \/>\n<meta property=\"og:type\" content=\"article\" \/>\n<meta property=\"og:title\" content=\"Instruction - Restaurante Arzak\" \/>\n<meta property=\"og:description\" content=\"Chez Arzak chaque jour nous apprenons une nouvelle chose. Et bien souvent de nos coll\u00e8gues. C&#8217;est pourquoi nous partageons aussi nos connaissances. Arzak Instruction est une entreprise fond\u00e9e par Arzak vou\u00e9e au service de conseil personnalis\u00e9 aux entreprises du secteur de la restauration et de l&#8217;alimentation\u00a0: restaurants, services traiteur, entreprises alimentaires\u2026 Nous offrons nos services... Lire la suite &raquo;\" \/>\n<meta property=\"og:url\" content=\"https:\/\/www.arzak.es\/fr\/instruction\/\" \/>\n<meta property=\"og:site_name\" content=\"Restaurante Arzak\" \/>\n<meta property=\"article:publisher\" content=\"https:\/\/www.facebook.com\/pages\/Arzak\/104106769624822?fref=ts&amp;amp%3bamp%3bamp%3bamp%3bamp%3bamp%3bamp%3brf=410936008931781\" \/>\n<meta property=\"article:modified_time\" content=\"2016-11-21T11:58:57+00:00\" \/>\n<meta name=\"twitter:card\" content=\"summary\" \/>\n<meta name=\"twitter:site\" content=\"@arzakrestaurant\" \/>\n<meta name=\"twitter:label1\" content=\"Est. reading time\" \/>\n\t<meta name=\"twitter:data1\" content=\"1 minute\" \/>\n<script type=\"application\/ld+json\" class=\"yoast-schema-graph\">{\"@context\":\"https:\/\/schema.org\",\"@graph\":[{\"@type\":\"Organization\",\"@id\":\"https:\/\/www.arzak.es\/#organization\",\"name\":\"Restaurante Arzak\",\"url\":\"https:\/\/www.arzak.es\/\",\"sameAs\":[\"https:\/\/www.facebook.com\/pages\/Arzak\/104106769624822?fref=ts&amp;amp;amp;amp;amp;amp;amp;rf=410936008931781\",\"http:\/\/arzakrestaurant\",\"https:\/\/twitter.com\/arzakrestaurant\"],\"logo\":{\"@type\":\"ImageObject\",\"@id\":\"https:\/\/www.arzak.es\/#logo\",\"inLanguage\":\"fr-FR\",\"url\":\"https:\/\/www.arzak.es\/wp-content\/uploads\/2017\/01\/arzak-gkg.png\",\"contentUrl\":\"https:\/\/www.arzak.es\/wp-content\/uploads\/2017\/01\/arzak-gkg.png\",\"width\":1920,\"height\":1080,\"caption\":\"Restaurante Arzak\"},\"image\":{\"@id\":\"https:\/\/www.arzak.es\/#logo\"}},{\"@type\":\"WebSite\",\"@id\":\"https:\/\/www.arzak.es\/#website\",\"url\":\"https:\/\/www.arzak.es\/\",\"name\":\"Restaurante Arzak\",\"description\":\"Arzak\",\"publisher\":{\"@id\":\"https:\/\/www.arzak.es\/#organization\"},\"potentialAction\":[{\"@type\":\"SearchAction\",\"target\":{\"@type\":\"EntryPoint\",\"urlTemplate\":\"https:\/\/www.arzak.es\/?s={search_term_string}\"},\"query-input\":\"required name=search_term_string\"}],\"inLanguage\":\"fr-FR\"},{\"@type\":\"WebPage\",\"@id\":\"https:\/\/www.arzak.es\/fr\/instruction\/#webpage\",\"url\":\"https:\/\/www.arzak.es\/fr\/instruction\/\",\"name\":\"Instruction - Restaurante Arzak\",\"isPartOf\":{\"@id\":\"https:\/\/www.arzak.es\/#website\"},\"datePublished\":\"2016-02-03T10:40:16+00:00\",\"dateModified\":\"2016-11-21T11:58:57+00:00\",\"breadcrumb\":{\"@id\":\"https:\/\/www.arzak.es\/fr\/instruction\/#breadcrumb\"},\"inLanguage\":\"fr-FR\",\"potentialAction\":[{\"@type\":\"ReadAction\",\"target\":[\"https:\/\/www.arzak.es\/fr\/instruction\/\"]}]},{\"@type\":\"BreadcrumbList\",\"@id\":\"https:\/\/www.arzak.es\/fr\/instruction\/#breadcrumb\",\"itemListElement\":[{\"@type\":\"ListItem\",\"position\":1,\"name\":\"Portada\",\"item\":\"https:\/\/www.arzak.es\/fr\/\"},{\"@type\":\"ListItem\",\"position\":2,\"name\":\"Instruction\"}]}]}<\/script>\n<!-- \/ Yoast SEO plugin. -->","yoast_head_json":{"robots":{"index":"index","follow":"follow","max-snippet":"max-snippet:-1","max-image-preview":"max-image-preview:large","max-video-preview":"max-video-preview:-1"},"canonical":"https:\/\/www.arzak.es\/fr\/instruction\/","og_locale":"fr_FR","og_type":"article","og_title":"Instruction - Restaurante Arzak","og_description":"Chez Arzak chaque jour nous apprenons une nouvelle chose. Et bien souvent de nos coll\u00e8gues. C&#8217;est pourquoi nous partageons aussi nos connaissances. Arzak Instruction est une entreprise fond\u00e9e par Arzak vou\u00e9e au service de conseil personnalis\u00e9 aux entreprises du secteur de la restauration et de l&#8217;alimentation\u00a0: restaurants, services traiteur, entreprises alimentaires\u2026 Nous offrons nos services... Lire la suite &raquo;","og_url":"https:\/\/www.arzak.es\/fr\/instruction\/","og_site_name":"Restaurante Arzak","article_publisher":"https:\/\/www.facebook.com\/pages\/Arzak\/104106769624822?fref=ts&amp%3bamp%3bamp%3bamp%3bamp%3bamp%3bamp%3brf=410936008931781","article_modified_time":"2016-11-21T11:58:57+00:00","twitter_card":"summary","twitter_site":"@arzakrestaurant","twitter_misc":{"Est. reading time":"1 minute"},"schema":{"@context":"https:\/\/schema.org","@graph":[{"@type":"Organization","@id":"https:\/\/www.arzak.es\/#organization","name":"Restaurante Arzak","url":"https:\/\/www.arzak.es\/","sameAs":["https:\/\/www.facebook.com\/pages\/Arzak\/104106769624822?fref=ts&amp;amp;amp;amp;amp;amp;amp;rf=410936008931781","http:\/\/arzakrestaurant","https:\/\/twitter.com\/arzakrestaurant"],"logo":{"@type":"ImageObject","@id":"https:\/\/www.arzak.es\/#logo","inLanguage":"fr-FR","url":"https:\/\/www.arzak.es\/wp-content\/uploads\/2017\/01\/arzak-gkg.png","contentUrl":"https:\/\/www.arzak.es\/wp-content\/uploads\/2017\/01\/arzak-gkg.png","width":1920,"height":1080,"caption":"Restaurante Arzak"},"image":{"@id":"https:\/\/www.arzak.es\/#logo"}},{"@type":"WebSite","@id":"https:\/\/www.arzak.es\/#website","url":"https:\/\/www.arzak.es\/","name":"Restaurante Arzak","description":"Arzak","publisher":{"@id":"https:\/\/www.arzak.es\/#organization"},"potentialAction":[{"@type":"SearchAction","target":{"@type":"EntryPoint","urlTemplate":"https:\/\/www.arzak.es\/?s={search_term_string}"},"query-input":"required name=search_term_string"}],"inLanguage":"fr-FR"},{"@type":"WebPage","@id":"https:\/\/www.arzak.es\/fr\/instruction\/#webpage","url":"https:\/\/www.arzak.es\/fr\/instruction\/","name":"Instruction - Restaurante Arzak","isPartOf":{"@id":"https:\/\/www.arzak.es\/#website"},"datePublished":"2016-02-03T10:40:16+00:00","dateModified":"2016-11-21T11:58:57+00:00","breadcrumb":{"@id":"https:\/\/www.arzak.es\/fr\/instruction\/#breadcrumb"},"inLanguage":"fr-FR","potentialAction":[{"@type":"ReadAction","target":["https:\/\/www.arzak.es\/fr\/instruction\/"]}]},{"@type":"BreadcrumbList","@id":"https:\/\/www.arzak.es\/fr\/instruction\/#breadcrumb","itemListElement":[{"@type":"ListItem","position":1,"name":"Portada","item":"https:\/\/www.arzak.es\/fr\/"},{"@type":"ListItem","position":2,"name":"Instruction"}]}]}},"_links":{"self":[{"href":"https:\/\/www.arzak.es\/fr\/wp-json\/wp\/v2\/pages\/151"}],"collection":[{"href":"https:\/\/www.arzak.es\/fr\/wp-json\/wp\/v2\/pages"}],"about":[{"href":"https:\/\/www.arzak.es\/fr\/wp-json\/wp\/v2\/types\/page"}],"author":[{"embeddable":true,"href":"https:\/\/www.arzak.es\/fr\/wp-json\/wp\/v2\/users\/2"}],"replies":[{"embeddable":true,"href":"https:\/\/www.arzak.es\/fr\/wp-json\/wp\/v2\/comments?post=151"}],"version-history":[{"count":3,"href":"https:\/\/www.arzak.es\/fr\/wp-json\/wp\/v2\/pages\/151\/revisions"}],"predecessor-version":[{"id":243,"href":"https:\/\/www.arzak.es\/fr\/wp-json\/wp\/v2\/pages\/151\/revisions\/243"}],"wp:attachment":[{"href":"https:\/\/www.arzak.es\/fr\/wp-json\/wp\/v2\/media?parent=151"}],"curies":[{"name":"wp","href":"https:\/\/api.w.org\/{rel}","templated":true}]}}