{"id":185,"date":"2016-04-15T09:44:47","date_gmt":"2016-04-15T09:44:47","guid":{"rendered":"https:\/\/www.arzak.es\/fr\/politica-de-cookies\/"},"modified":"2016-10-11T10:33:10","modified_gmt":"2016-10-11T10:33:10","slug":"politique-de-cookies","status":"publish","type":"page","link":"https:\/\/www.arzak.es\/fr\/politique-de-cookies\/","title":{"rendered":"Politique de cookies"},"content":{"rendered":"<h3>Qu&#8217;est-ce qu&#8217;un cookie\u00a0?<\/h3>\n<p>Les cookies sont essentiels au fonctionnement d&#8217;Internet\u00a0; ils ne peuvent pas endommager l&#8217;\u00e9quipement ou le dispositif de l&#8217;utilisateur et, s&#8217;ils sont activ\u00e9s dans la configuration du navigateur, ils nous aident \u00e0 identifier et \u00e0 r\u00e9soudre les \u00e9ventuelles erreurs de fonctionnement de cette page web qui les utilise pour son bon fonctionnement et permettent de conna\u00eetre l&#8217;activit\u00e9 des utilisateurs au cours de leur navigation.<\/p>\n<p>Aucun des cookies install\u00e9s sur ce site web ne peut extraire des informations d&#8217;un disque dur ou voler des informations personnelles.<\/p>\n<p>Conform\u00e9ment aux dispositions l\u00e9gales, JUAN MARIA ARZAK S.L. demande votre consentement pour utiliser ces cookies. Si vous n&#8217;acceptez pas l&#8217;utilisation des cookies, veuillez configurer votre navigateur web de mani\u00e8re \u00e0 ce qu&#8217;il rejette l&#8217;installation et\/ou l&#8217;utilisation des cookies sur votre \u00e9quipement. Toutefois, nous vous informons que notre site web ne pourra pas \u00eatre utilis\u00e9 correctement.<\/p>\n<h3>Quels cookies notre site web utilise-t-il\u00a0?<\/h3>\n<p>Ce site web utilise les cookies internes suivants\u00a0:<\/p>\n<ul>\n<li><strong>_icl_current_language:<\/strong> Conserve le choix de la langue de l&#8217;utilisateur.<\/li>\n<li><strong>cookie_notice_accepted:<\/strong> Conserve le consentement de l&#8217;utilisateur concernant la politique de cookies.<\/li>\n<\/ul>\n<p>Ce site web utilise les cookies tiers suivants\u00a0:<\/p>\n<ul>\n<li><strong>Google Analytics:<\/strong> Conserve les cookies pour pouvoir \u00e9laborer des statistiques sur le trafic et le volume des visites sur ce site web.<\/li>\n<\/ul>\n<h3>Comment d\u00e9sactiver ou supprimer les cookies\u00a0?<\/h3>\n<p>Vous pourrez \u00e0 tout moment exercer votre droit de d\u00e9sactivation ou de suppression des cookies de ce site web. Ces actions sont r\u00e9alis\u00e9es diff\u00e9remment en fonction du navigateur que vous utilisez.<\/p>\n<p>Ci-dessous nous vous fournissons des informations et des liens vers les sites officiels de support technique des principaux navigateurs afin de configurer le v\u00f4tre pour que vous puissiez d\u00e9cider si vous souhaitez ou non accepter l&#8217;utilisation des cookies.2<\/p>\n<p>Vous pouvez ainsi bloquer les cookies gr\u00e2ce aux outils de configuration du navigateur ou configurer votre navigateur pour qu&#8217;il vous avertisse lorsque qu&#8217;un serveur souhaite enregistrer un cookie\u00a0:<\/p>\n<p>a) Si vous utilisez Microsoft Internet Explorer, dans la barr\u0301e de menu\u0301 Outils &gt; Options Internet &gt; Confidentialit\u00e9 &gt; Configuratio\u0301n. Pour en savoir plu\u0301s, rendez-vous sur\u00a0: <a href=\"http:\/\/windows.microsoft.com\/es-es\/windows- vista\/block-or-allow-cookies\">http:\/\/windows.microsoft.com\/es-es\/windows- vista\/block-or-allow-cookies<\/a> <a href=\"http:\/\/windows.microsoft.com\/es-es\/windows7\/how-to-manage-cookies-in-internet-explorer-9\">http:\/\/windows.microsoft.com\/es-es\/windows7\/how-to-manage-cookies-in-internet-explorer-9<\/a><\/p>\n<p>b) Si vous utilisez Firefox, dans la barr\u0301e de menu\u0301 Outils &gt; Options &gt; Confidentialit\u00e9 &gt; Cookies. Pour en savoir plu\u0301s, rendez-vous sur\u00a0: <a href=\"http:\/\/support.mozilla.org\/es\/kb\/habilitar-y-deshabilitar-cookies-que-los-sitios-we\">http:\/\/support.mozilla.org\/es\/kb\/habilitar-y-deshabilitar-cookies-que-los-sitios-we<\/a><\/p>\n<p>c) Si vous utilisez Chrome, dans la sectio\u0301n Options &gt; Options avanc\u00e9es &gt; Confidentialit\u00e9. Pour en savoir plu\u0301s, rendez-vous sur\u00a0: <a href=\"http:\/\/support.google.com\/chrome\/bin\/answer.py?hl=es&amp;answer=95647\">http:\/\/support.google.com\/chrome\/bin\/answer.py?hl=es&amp;answer=95647<\/a><\/p>\n<p>d) Si vous utilisez Opera, vous pourrez configurer votre navigateur dans l&#8217;option de S\u00e9curit\u00e9 et Confidentialit\u00e9.\u00a0 Pour en savoir plus, rendez-vous sur\u00a0: <a href=\"http:\/\/www.opera.com\/help\/tutorials\/security\/cookies\/\">http:\/\/www.opera.com\/help\/tutorials\/security\/cookies\/<\/a><\/p>\n<h3>Donn\u00e9es d&#8217;identification<\/h3>\n<p>Conform\u00e9ment \u00e0 la loi espagnole 34\/2002 relative aux services de la soci\u00e9t\u00e9 de l&#8217;information et au commerce \u00e9lectronique, ainsi qu&#8217;\u00e0 l&#8217;ensemble de la r\u00e9glementation r\u00e9gulant le commerce \u00e9lectronique, nous vous informons que cette page web appartient \u00e0 JUAN MARIA ARZAK S.L., titulaire du code d&#8217;identification fiscale (CIF) B20081782 et demeurant Avda. Alcalde Jose\u0301 Elo\u0301segui 273, 20015 San Sebastia\u0301n (Guipuzcoa) et inscrite au Registre du Commerce de Guipuzcoa au tome 1159 du livre des inscriptions, Tome 165, Feuille num\u00e9ro ss-3295, Inscription 4a.<\/p>\n<h3>Notes suppl\u00e9mentaires<\/h3>\n<p>L&#8217;organisation JUAN MARIA ARZAK S.L. n&#8217;est pas responsable du contenu ni de la v\u00e9racit\u00e9 des politiques de confidentialit\u00e9 que peuvent avoir les tiers qui, le cas \u00e9ch\u00e9ant, sont cit\u00e9es dans cette politique des cookies.<\/p>\n<p>Les navigateurs web sont les outils charg\u00e9s de conserver les cookies et vous devez exercer votre droit \u00e0 la suppression ou \u00e0 la d\u00e9sactivation de ceux-ci depuis cet endroit. JUAN MARIA ARZAK S.L. ne peut pas garantir la manipulation correcte ou incorrecte des cookies de la part des navigateurs mentionn\u00e9s.<\/p>\n<p>Dans certains cas, il est n\u00e9cessaire d&#8217;installer des cookies pour que le navigateur n&#8217;oublie pas votre d\u00e9cision de ne pas les accepter.<\/p>\n<p>Para cualquier duda o consulta acerca de esta poli\u0301tica de cookies no dude en comunicarse con nosotros dirigie\u0301ndose por escrito a la direccio\u0301n precedentemente indicada o la direccio\u0301n de correo electro\u0301nico<\/p>\n<p>En cas de doute ou question concernant cette politique de cookies, n&#8217;h\u00e9sitez pas \u00e0 nous contacter en vous adressant par \u00e9crit \u00e0 l&#8217;adresse pr\u00e9c\u00e9demment indiqu\u00e9e ou \u00e0 l&#8217;adresse email <a href=\"mailto:administracion@arzak.es\">administracion@arzak.es<\/a>.<\/p>\n","protected":false},"excerpt":{"rendered":"<p>Qu&#8217;est-ce qu&#8217;un cookie\u00a0? Les cookies sont essentiels au fonctionnement d&#8217;Internet\u00a0; ils ne peuvent pas endommager l&#8217;\u00e9quipement ou le dispositif de l&#8217;utilisateur et, s&#8217;ils sont activ\u00e9s dans la configuration du navigateur, ils nous aident \u00e0 identifier et \u00e0 r\u00e9soudre les \u00e9ventuelles erreurs de fonctionnement de cette page web qui les utilise pour son bon fonctionnement et&#8230;  <a class=\"excerpt-read-more\" href=\"https:\/\/www.arzak.es\/fr\/politique-de-cookies\/\" title=\"LirePolitique de cookies\">Lire la suite &raquo;<\/a><\/p>\n","protected":false},"author":2,"featured_media":0,"parent":0,"menu_order":0,"comment_status":"closed","ping_status":"closed","template":"","meta":[],"yoast_head":"<!-- This site is optimized with the Yoast SEO plugin v17.0 - https:\/\/yoast.com\/wordpress\/plugins\/seo\/ -->\n<meta name=\"robots\" content=\"index, follow, max-snippet:-1, max-image-preview:large, max-video-preview:-1\" \/>\n<link rel=\"canonical\" href=\"https:\/\/www.arzak.es\/fr\/politique-de-cookies\/\" \/>\n<meta property=\"og:locale\" content=\"fr_FR\" \/>\n<meta property=\"og:type\" content=\"article\" \/>\n<meta property=\"og:title\" content=\"Politique de cookies - Restaurante Arzak\" \/>\n<meta property=\"og:description\" content=\"Qu&#8217;est-ce qu&#8217;un cookie\u00a0? Les cookies sont essentiels au fonctionnement d&#8217;Internet\u00a0; ils ne peuvent pas endommager l&#8217;\u00e9quipement ou le dispositif de l&#8217;utilisateur et, s&#8217;ils sont activ\u00e9s dans la configuration du navigateur, ils nous aident \u00e0 identifier et \u00e0 r\u00e9soudre les \u00e9ventuelles erreurs de fonctionnement de cette page web qui les utilise pour son bon fonctionnement et... Lire la suite &raquo;\" \/>\n<meta property=\"og:url\" content=\"https:\/\/www.arzak.es\/fr\/politique-de-cookies\/\" \/>\n<meta property=\"og:site_name\" content=\"Restaurante Arzak\" \/>\n<meta property=\"article:publisher\" content=\"https:\/\/www.facebook.com\/pages\/Arzak\/104106769624822?fref=ts&amp;amp%3bamp%3bamp%3bamp%3bamp%3bamp%3bamp%3brf=410936008931781\" \/>\n<meta property=\"article:modified_time\" content=\"2016-10-11T10:33:10+00:00\" \/>\n<meta name=\"twitter:card\" content=\"summary\" \/>\n<meta name=\"twitter:site\" content=\"@arzakrestaurant\" \/>\n<meta name=\"twitter:label1\" content=\"Est. reading time\" \/>\n\t<meta name=\"twitter:data1\" content=\"4 minutes\" \/>\n<script type=\"application\/ld+json\" class=\"yoast-schema-graph\">{\"@context\":\"https:\/\/schema.org\",\"@graph\":[{\"@type\":\"Organization\",\"@id\":\"https:\/\/www.arzak.es\/#organization\",\"name\":\"Restaurante Arzak\",\"url\":\"https:\/\/www.arzak.es\/\",\"sameAs\":[\"https:\/\/www.facebook.com\/pages\/Arzak\/104106769624822?fref=ts&amp;amp;amp;amp;amp;amp;amp;rf=410936008931781\",\"http:\/\/arzakrestaurant\",\"https:\/\/twitter.com\/arzakrestaurant\"],\"logo\":{\"@type\":\"ImageObject\",\"@id\":\"https:\/\/www.arzak.es\/#logo\",\"inLanguage\":\"fr-FR\",\"url\":\"https:\/\/www.arzak.es\/wp-content\/uploads\/2017\/01\/arzak-gkg.png\",\"contentUrl\":\"https:\/\/www.arzak.es\/wp-content\/uploads\/2017\/01\/arzak-gkg.png\",\"width\":1920,\"height\":1080,\"caption\":\"Restaurante Arzak\"},\"image\":{\"@id\":\"https:\/\/www.arzak.es\/#logo\"}},{\"@type\":\"WebSite\",\"@id\":\"https:\/\/www.arzak.es\/#website\",\"url\":\"https:\/\/www.arzak.es\/\",\"name\":\"Restaurante Arzak\",\"description\":\"Arzak\",\"publisher\":{\"@id\":\"https:\/\/www.arzak.es\/#organization\"},\"potentialAction\":[{\"@type\":\"SearchAction\",\"target\":{\"@type\":\"EntryPoint\",\"urlTemplate\":\"https:\/\/www.arzak.es\/?s={search_term_string}\"},\"query-input\":\"required name=search_term_string\"}],\"inLanguage\":\"fr-FR\"},{\"@type\":\"WebPage\",\"@id\":\"https:\/\/www.arzak.es\/fr\/politique-de-cookies\/#webpage\",\"url\":\"https:\/\/www.arzak.es\/fr\/politique-de-cookies\/\",\"name\":\"Politique de cookies - Restaurante Arzak\",\"isPartOf\":{\"@id\":\"https:\/\/www.arzak.es\/#website\"},\"datePublished\":\"2016-04-15T09:44:47+00:00\",\"dateModified\":\"2016-10-11T10:33:10+00:00\",\"breadcrumb\":{\"@id\":\"https:\/\/www.arzak.es\/fr\/politique-de-cookies\/#breadcrumb\"},\"inLanguage\":\"fr-FR\",\"potentialAction\":[{\"@type\":\"ReadAction\",\"target\":[\"https:\/\/www.arzak.es\/fr\/politique-de-cookies\/\"]}]},{\"@type\":\"BreadcrumbList\",\"@id\":\"https:\/\/www.arzak.es\/fr\/politique-de-cookies\/#breadcrumb\",\"itemListElement\":[{\"@type\":\"ListItem\",\"position\":1,\"name\":\"Portada\",\"item\":\"https:\/\/www.arzak.es\/fr\/\"},{\"@type\":\"ListItem\",\"position\":2,\"name\":\"Politique de cookies\"}]}]}<\/script>\n<!-- \/ Yoast SEO plugin. -->","yoast_head_json":{"robots":{"index":"index","follow":"follow","max-snippet":"max-snippet:-1","max-image-preview":"max-image-preview:large","max-video-preview":"max-video-preview:-1"},"canonical":"https:\/\/www.arzak.es\/fr\/politique-de-cookies\/","og_locale":"fr_FR","og_type":"article","og_title":"Politique de cookies - Restaurante Arzak","og_description":"Qu&#8217;est-ce qu&#8217;un cookie\u00a0? Les cookies sont essentiels au fonctionnement d&#8217;Internet\u00a0; ils ne peuvent pas endommager l&#8217;\u00e9quipement ou le dispositif de l&#8217;utilisateur et, s&#8217;ils sont activ\u00e9s dans la configuration du navigateur, ils nous aident \u00e0 identifier et \u00e0 r\u00e9soudre les \u00e9ventuelles erreurs de fonctionnement de cette page web qui les utilise pour son bon fonctionnement et... Lire la suite &raquo;","og_url":"https:\/\/www.arzak.es\/fr\/politique-de-cookies\/","og_site_name":"Restaurante Arzak","article_publisher":"https:\/\/www.facebook.com\/pages\/Arzak\/104106769624822?fref=ts&amp%3bamp%3bamp%3bamp%3bamp%3bamp%3bamp%3brf=410936008931781","article_modified_time":"2016-10-11T10:33:10+00:00","twitter_card":"summary","twitter_site":"@arzakrestaurant","twitter_misc":{"Est. reading time":"4 minutes"},"schema":{"@context":"https:\/\/schema.org","@graph":[{"@type":"Organization","@id":"https:\/\/www.arzak.es\/#organization","name":"Restaurante Arzak","url":"https:\/\/www.arzak.es\/","sameAs":["https:\/\/www.facebook.com\/pages\/Arzak\/104106769624822?fref=ts&amp;amp;amp;amp;amp;amp;amp;rf=410936008931781","http:\/\/arzakrestaurant","https:\/\/twitter.com\/arzakrestaurant"],"logo":{"@type":"ImageObject","@id":"https:\/\/www.arzak.es\/#logo","inLanguage":"fr-FR","url":"https:\/\/www.arzak.es\/wp-content\/uploads\/2017\/01\/arzak-gkg.png","contentUrl":"https:\/\/www.arzak.es\/wp-content\/uploads\/2017\/01\/arzak-gkg.png","width":1920,"height":1080,"caption":"Restaurante Arzak"},"image":{"@id":"https:\/\/www.arzak.es\/#logo"}},{"@type":"WebSite","@id":"https:\/\/www.arzak.es\/#website","url":"https:\/\/www.arzak.es\/","name":"Restaurante Arzak","description":"Arzak","publisher":{"@id":"https:\/\/www.arzak.es\/#organization"},"potentialAction":[{"@type":"SearchAction","target":{"@type":"EntryPoint","urlTemplate":"https:\/\/www.arzak.es\/?s={search_term_string}"},"query-input":"required name=search_term_string"}],"inLanguage":"fr-FR"},{"@type":"WebPage","@id":"https:\/\/www.arzak.es\/fr\/politique-de-cookies\/#webpage","url":"https:\/\/www.arzak.es\/fr\/politique-de-cookies\/","name":"Politique de cookies - Restaurante Arzak","isPartOf":{"@id":"https:\/\/www.arzak.es\/#website"},"datePublished":"2016-04-15T09:44:47+00:00","dateModified":"2016-10-11T10:33:10+00:00","breadcrumb":{"@id":"https:\/\/www.arzak.es\/fr\/politique-de-cookies\/#breadcrumb"},"inLanguage":"fr-FR","potentialAction":[{"@type":"ReadAction","target":["https:\/\/www.arzak.es\/fr\/politique-de-cookies\/"]}]},{"@type":"BreadcrumbList","@id":"https:\/\/www.arzak.es\/fr\/politique-de-cookies\/#breadcrumb","itemListElement":[{"@type":"ListItem","position":1,"name":"Portada","item":"https:\/\/www.arzak.es\/fr\/"},{"@type":"ListItem","position":2,"name":"Politique de cookies"}]}]}},"_links":{"self":[{"href":"https:\/\/www.arzak.es\/fr\/wp-json\/wp\/v2\/pages\/185"}],"collection":[{"href":"https:\/\/www.arzak.es\/fr\/wp-json\/wp\/v2\/pages"}],"about":[{"href":"https:\/\/www.arzak.es\/fr\/wp-json\/wp\/v2\/types\/page"}],"author":[{"embeddable":true,"href":"https:\/\/www.arzak.es\/fr\/wp-json\/wp\/v2\/users\/2"}],"replies":[{"embeddable":true,"href":"https:\/\/www.arzak.es\/fr\/wp-json\/wp\/v2\/comments?post=185"}],"version-history":[{"count":2,"href":"https:\/\/www.arzak.es\/fr\/wp-json\/wp\/v2\/pages\/185\/revisions"}],"predecessor-version":[{"id":203,"href":"https:\/\/www.arzak.es\/fr\/wp-json\/wp\/v2\/pages\/185\/revisions\/203"}],"wp:attachment":[{"href":"https:\/\/www.arzak.es\/fr\/wp-json\/wp\/v2\/media?parent=185"}],"curies":[{"name":"wp","href":"https:\/\/api.w.org\/{rel}","templated":true}]}}