{"id":215,"date":"2016-04-15T09:51:30","date_gmt":"2016-04-15T09:51:30","guid":{"rendered":"https:\/\/www.arzak.es\/fr\/politica-general-de-privacidad\/"},"modified":"2016-10-11T17:11:45","modified_gmt":"2016-10-11T17:11:45","slug":"politique-de-confidentialite","status":"publish","type":"page","link":"https:\/\/www.arzak.es\/fr\/politique-de-confidentialite\/","title":{"rendered":"Politique de confidentialit\u00e9"},"content":{"rendered":"<h3>1. RAISON SOCIALE<\/h3>\n<p>Conform\u00e9ment \u00e0 l&#8217;article 10 de la loi espagnole 34\/2002 du 11 juillet relative aux services de la soci\u00e9t\u00e9 de l&#8217;information et au commerce \u00e9lectronique, les donn\u00e9es suivantes sont indiqu\u00e9es ci-dessous\u00a0:<br \/>\nL&#8217;entreprise propri\u00e9taire du domaine internet www.arzak.es est JUAN MARIA ARZAK S.L., titulaire du code d&#8217;identification fiscale (CIF) B20081782 et demeurant Avda. Alcalde Jose\u0301 Elo\u0301segui 273, 20015 San Sebastia\u0301n (Guipuzcoa) et inscrite au Registre du Commerce de Guipuzcoa, au tome 1159 du livre des inscriptions, Tome 165, Feuille num\u00e9ro ss-3295, Inscription 4a.<\/p>\n<h3>2. UTILISATEURS<\/h3>\n<p>L&#8217;acc\u00e8s et\/ou l&#8217;utilisation de ce portail conf\u00e8re le statut d&#8217;utilisateur qui accepte, depuis cet acc\u00e8s et\/ou cette utilisation, les conditions d&#8217;utilisation expos\u00e9es ici.\u00a0 Ces conditions s&#8217;appliqueront ind\u00e9pendamment des conditions g\u00e9n\u00e9rales de souscription qui seront, le cas \u00e9ch\u00e9ant, \u00e0 respecter obligatoirement.<\/p>\n<h3>3. POLITIQUE D&#8217;INFORMATION DE PROTECTION DES DONN\u00c9ES PERSONNELLES<\/h3>\n<p>En tant que titulaire responsable des fichiers automatis\u00e9s d\u00e9coulant de ce site web, JUAN MARIA ARZAK S.L. informe les visiteurs et utilisateurs de sa page web de sa politique de protection et de traitement des donn\u00e9es \u00e0 caract\u00e8re personnel, qui sera applicable si un des formulaires o\u00f9 sont recueillies les donn\u00e9es \u00e0 caract\u00e8re personnel est rempli, en garantissant le respect des obligations pr\u00e9vues par la r\u00e9glementation en mati\u00e8re de protection des donn\u00e9es personnelles.<\/p>\n<p>Les donn\u00e9es personnelles recueillies concernant les utilisateurs de notre site web figureront dans le fichier correspondant, inscrit au Registre g\u00e9n\u00e9ral de l&#8217;Agence espagnole de protection des donn\u00e9es, dont le traitement est g\u00e9r\u00e9 par JUAN MARIA ARZAK S.L., se limitant au recueil des donn\u00e9es n\u00e9cessaires pour l&#8217;objectif indiqu\u00e9 dans chaque cas, et sans lesquelles le service demand\u00e9 par l&#8217;utilisateur ne pourra \u00eatre offert.<\/p>\n<p>JUAN MARIA ARZAK S.L. adopte les mesures techniques et organisationnelles n\u00e9cessaires afin de garantir la s\u00e9curit\u00e9 des donn\u00e9es \u00e0 caract\u00e8re personnel et d&#8217;\u00e9viter ainsi leur alt\u00e9ration, perte, traitement ou acc\u00e8s non autoris\u00e9, compte tenu de l&#8217;\u00e9tat de la technologie conform\u00e9ment \u00e0 ce qui est stipul\u00e9 dans la r\u00e9glementation de protection des donn\u00e9es.<\/p>\n<h3>4. DROITS<\/h3>\n<p>Pour l&#8217;exercice de ces droits, vous pourrez vous adresser par \u00e9crit en envoyant une lettre standard par courrier postal \u00e0 l&#8217;adresse de JUAN MARIA ARZAK S.L. avant la date indiqu\u00e9e, en joignant une copie d&#8217;un document d&#8217;identit\u00e9 ou en envoyant un courriel \u00e0 l&#8217;adresse <a href=\"mailto:administracion@arzak.es\">administracion@arzak.es<\/a>.<\/p>\n<h3>5. VOLONTARIAT<\/h3>\n<p>JUAN MARIA ARZAK S.L. informe les utilisateurs de la page web du caract\u00e8re volontaire ou obligatoire de fournir les donn\u00e9es \u00e0 caract\u00e8re personnel demand\u00e9es dans les formulaires d&#8217;acc\u00e8s et de l&#8217;inscription aux services et\/ou contenus offerts sur la page web.<\/p>\n<p>De la m\u00eame mani\u00e8re, JUAN MARIA ARZAK S.L. informe les utilisateurs que conform\u00e9ment \u00e0 la loi espagnole 34\/2002 du 11 juillet relative aux services de la soci\u00e9t\u00e9 de l&#8217;information et au commerce \u00e9lectronique, votre consentement est requis pour le traitement de votre adresse email \u00e0 des fins commerciales, promotionnelles ou de divulgation de l&#8217;activit\u00e9 de l&#8217;organisation. \u00c0 cet effet, les utilisateurs de notre site web, en cochant la case correspondante, acceptent que leurs donn\u00e9es personnelles soient trait\u00e9es \u00e0 de telles fins, \u00e0 travers l&#8217;envoi de communications par email, fax, SMS, MMS ou messagerie instantan\u00e9e, communaut\u00e9s sociales ou tout autre moyen \u00e9lectronique ou physique, pr\u00e9sent ou futur, permettant de r\u00e9aliser une communication commerciale ou de divulgation li\u00e9e aux produits ou services offerts par l&#8217;organisation.<\/p>\n<h3>6. CESSION DE DONN\u00c9ES<\/h3>\n<p>Les donn\u00e9es personnelles fournies par les utilisateurs de notre site web ne seront pas c\u00e9d\u00e9es \u00e0 des tiers, sauf dans le cas de l&#8217;ex\u00e9cution d&#8217;une obligation l\u00e9gale l&#8217;ordonnant. Dans le cas o\u00f9, en outre, JUAN MARIA ARZAK S.L. le juge n\u00e9cessaire pour la r\u00e9alisation d&#8217;objectifs l\u00e9gitimes de l&#8217;organisation, le consentement pr\u00e9alable de la personne sera requis.<\/p>\n<h3>7. MISE \u00c0 JOUR P\u00c9RIODIQUE<\/h3>\n<p>JUAN MARIA ARZAK S.L. peut modifier cette Politique de Confidentialit\u00e9 en raison de l&#8217;ex\u00e9cution d&#8217;obligations l\u00e9gales, ou de son adaptation aux instructions dict\u00e9es par l&#8217;Agence espagnole de protection des donn\u00e9es ou les Tribunaux \u00e9tatiques ou europ\u00e9ens comp\u00e9tents.<\/p>\n<h3>8. V\u00c9RACIT\u00c9 DES DONN\u00c9ES<\/h3>\n<p>Les utilisateurs r\u00e9pondront, en tout \u00e9tat de cause, de la v\u00e9racit\u00e9 des donn\u00e9es fournies et sont responsables de communiquer \u00e0 JUAN MARIA ARZAK S.L. leur modification, l&#8217;organisation \u00e9tant exempte de toute responsabilit\u00e9 \u00e0 cet \u00e9gard.<\/p>\n","protected":false},"excerpt":{"rendered":"<p>1. RAISON SOCIALE Conform\u00e9ment \u00e0 l&#8217;article 10 de la loi espagnole 34\/2002 du 11 juillet relative aux services de la soci\u00e9t\u00e9 de l&#8217;information et au commerce \u00e9lectronique, les donn\u00e9es suivantes sont indiqu\u00e9es ci-dessous\u00a0: L&#8217;entreprise propri\u00e9taire du domaine internet www.arzak.es est JUAN MARIA ARZAK S.L., titulaire du code d&#8217;identification fiscale (CIF) B20081782 et demeurant Avda. Alcalde&#8230;  <a class=\"excerpt-read-more\" href=\"https:\/\/www.arzak.es\/fr\/politique-de-confidentialite\/\" title=\"LirePolitique de confidentialit\u00e9\">Lire la suite &raquo;<\/a><\/p>\n","protected":false},"author":2,"featured_media":0,"parent":0,"menu_order":0,"comment_status":"closed","ping_status":"closed","template":"","meta":[],"yoast_head":"<!-- This site is optimized with the Yoast SEO plugin v17.0 - https:\/\/yoast.com\/wordpress\/plugins\/seo\/ -->\n<meta name=\"robots\" content=\"index, follow, max-snippet:-1, max-image-preview:large, max-video-preview:-1\" \/>\n<link rel=\"canonical\" href=\"https:\/\/www.arzak.es\/fr\/politique-de-confidentialite\/\" \/>\n<meta property=\"og:locale\" content=\"fr_FR\" \/>\n<meta property=\"og:type\" content=\"article\" \/>\n<meta property=\"og:title\" content=\"Politique de confidentialit\u00e9 - Restaurante Arzak\" \/>\n<meta property=\"og:description\" content=\"1. RAISON SOCIALE Conform\u00e9ment \u00e0 l&#8217;article 10 de la loi espagnole 34\/2002 du 11 juillet relative aux services de la soci\u00e9t\u00e9 de l&#8217;information et au commerce \u00e9lectronique, les donn\u00e9es suivantes sont indiqu\u00e9es ci-dessous\u00a0: L&#8217;entreprise propri\u00e9taire du domaine internet www.arzak.es est JUAN MARIA ARZAK S.L., titulaire du code d&#8217;identification fiscale (CIF) B20081782 et demeurant Avda. Alcalde... Lire la suite &raquo;\" \/>\n<meta property=\"og:url\" content=\"https:\/\/www.arzak.es\/fr\/politique-de-confidentialite\/\" \/>\n<meta property=\"og:site_name\" content=\"Restaurante Arzak\" \/>\n<meta property=\"article:publisher\" content=\"https:\/\/www.facebook.com\/pages\/Arzak\/104106769624822?fref=ts&amp;amp%3bamp%3bamp%3bamp%3bamp%3bamp%3bamp%3brf=410936008931781\" \/>\n<meta property=\"article:modified_time\" content=\"2016-10-11T17:11:45+00:00\" \/>\n<meta name=\"twitter:card\" content=\"summary\" \/>\n<meta name=\"twitter:site\" content=\"@arzakrestaurant\" \/>\n<meta name=\"twitter:label1\" content=\"Est. reading time\" \/>\n\t<meta name=\"twitter:data1\" content=\"4 minutes\" \/>\n<script type=\"application\/ld+json\" class=\"yoast-schema-graph\">{\"@context\":\"https:\/\/schema.org\",\"@graph\":[{\"@type\":\"Organization\",\"@id\":\"https:\/\/www.arzak.es\/#organization\",\"name\":\"Restaurante Arzak\",\"url\":\"https:\/\/www.arzak.es\/\",\"sameAs\":[\"https:\/\/www.facebook.com\/pages\/Arzak\/104106769624822?fref=ts&amp;amp;amp;amp;amp;amp;amp;rf=410936008931781\",\"http:\/\/arzakrestaurant\",\"https:\/\/twitter.com\/arzakrestaurant\"],\"logo\":{\"@type\":\"ImageObject\",\"@id\":\"https:\/\/www.arzak.es\/#logo\",\"inLanguage\":\"fr-FR\",\"url\":\"https:\/\/www.arzak.es\/wp-content\/uploads\/2017\/01\/arzak-gkg.png\",\"contentUrl\":\"https:\/\/www.arzak.es\/wp-content\/uploads\/2017\/01\/arzak-gkg.png\",\"width\":1920,\"height\":1080,\"caption\":\"Restaurante Arzak\"},\"image\":{\"@id\":\"https:\/\/www.arzak.es\/#logo\"}},{\"@type\":\"WebSite\",\"@id\":\"https:\/\/www.arzak.es\/#website\",\"url\":\"https:\/\/www.arzak.es\/\",\"name\":\"Restaurante Arzak\",\"description\":\"Arzak\",\"publisher\":{\"@id\":\"https:\/\/www.arzak.es\/#organization\"},\"potentialAction\":[{\"@type\":\"SearchAction\",\"target\":{\"@type\":\"EntryPoint\",\"urlTemplate\":\"https:\/\/www.arzak.es\/?s={search_term_string}\"},\"query-input\":\"required name=search_term_string\"}],\"inLanguage\":\"fr-FR\"},{\"@type\":\"WebPage\",\"@id\":\"https:\/\/www.arzak.es\/fr\/politique-de-confidentialite\/#webpage\",\"url\":\"https:\/\/www.arzak.es\/fr\/politique-de-confidentialite\/\",\"name\":\"Politique de confidentialit\\u00e9 - Restaurante Arzak\",\"isPartOf\":{\"@id\":\"https:\/\/www.arzak.es\/#website\"},\"datePublished\":\"2016-04-15T09:51:30+00:00\",\"dateModified\":\"2016-10-11T17:11:45+00:00\",\"breadcrumb\":{\"@id\":\"https:\/\/www.arzak.es\/fr\/politique-de-confidentialite\/#breadcrumb\"},\"inLanguage\":\"fr-FR\",\"potentialAction\":[{\"@type\":\"ReadAction\",\"target\":[\"https:\/\/www.arzak.es\/fr\/politique-de-confidentialite\/\"]}]},{\"@type\":\"BreadcrumbList\",\"@id\":\"https:\/\/www.arzak.es\/fr\/politique-de-confidentialite\/#breadcrumb\",\"itemListElement\":[{\"@type\":\"ListItem\",\"position\":1,\"name\":\"Portada\",\"item\":\"https:\/\/www.arzak.es\/fr\/\"},{\"@type\":\"ListItem\",\"position\":2,\"name\":\"Politique de confidentialit\\u00e9\"}]}]}<\/script>\n<!-- \/ Yoast SEO plugin. -->","yoast_head_json":{"robots":{"index":"index","follow":"follow","max-snippet":"max-snippet:-1","max-image-preview":"max-image-preview:large","max-video-preview":"max-video-preview:-1"},"canonical":"https:\/\/www.arzak.es\/fr\/politique-de-confidentialite\/","og_locale":"fr_FR","og_type":"article","og_title":"Politique de confidentialit\u00e9 - Restaurante Arzak","og_description":"1. RAISON SOCIALE Conform\u00e9ment \u00e0 l&#8217;article 10 de la loi espagnole 34\/2002 du 11 juillet relative aux services de la soci\u00e9t\u00e9 de l&#8217;information et au commerce \u00e9lectronique, les donn\u00e9es suivantes sont indiqu\u00e9es ci-dessous\u00a0: L&#8217;entreprise propri\u00e9taire du domaine internet www.arzak.es est JUAN MARIA ARZAK S.L., titulaire du code d&#8217;identification fiscale (CIF) B20081782 et demeurant Avda. Alcalde... Lire la suite &raquo;","og_url":"https:\/\/www.arzak.es\/fr\/politique-de-confidentialite\/","og_site_name":"Restaurante Arzak","article_publisher":"https:\/\/www.facebook.com\/pages\/Arzak\/104106769624822?fref=ts&amp%3bamp%3bamp%3bamp%3bamp%3bamp%3bamp%3brf=410936008931781","article_modified_time":"2016-10-11T17:11:45+00:00","twitter_card":"summary","twitter_site":"@arzakrestaurant","twitter_misc":{"Est. reading time":"4 minutes"},"schema":{"@context":"https:\/\/schema.org","@graph":[{"@type":"Organization","@id":"https:\/\/www.arzak.es\/#organization","name":"Restaurante Arzak","url":"https:\/\/www.arzak.es\/","sameAs":["https:\/\/www.facebook.com\/pages\/Arzak\/104106769624822?fref=ts&amp;amp;amp;amp;amp;amp;amp;rf=410936008931781","http:\/\/arzakrestaurant","https:\/\/twitter.com\/arzakrestaurant"],"logo":{"@type":"ImageObject","@id":"https:\/\/www.arzak.es\/#logo","inLanguage":"fr-FR","url":"https:\/\/www.arzak.es\/wp-content\/uploads\/2017\/01\/arzak-gkg.png","contentUrl":"https:\/\/www.arzak.es\/wp-content\/uploads\/2017\/01\/arzak-gkg.png","width":1920,"height":1080,"caption":"Restaurante Arzak"},"image":{"@id":"https:\/\/www.arzak.es\/#logo"}},{"@type":"WebSite","@id":"https:\/\/www.arzak.es\/#website","url":"https:\/\/www.arzak.es\/","name":"Restaurante Arzak","description":"Arzak","publisher":{"@id":"https:\/\/www.arzak.es\/#organization"},"potentialAction":[{"@type":"SearchAction","target":{"@type":"EntryPoint","urlTemplate":"https:\/\/www.arzak.es\/?s={search_term_string}"},"query-input":"required name=search_term_string"}],"inLanguage":"fr-FR"},{"@type":"WebPage","@id":"https:\/\/www.arzak.es\/fr\/politique-de-confidentialite\/#webpage","url":"https:\/\/www.arzak.es\/fr\/politique-de-confidentialite\/","name":"Politique de confidentialit\u00e9 - Restaurante Arzak","isPartOf":{"@id":"https:\/\/www.arzak.es\/#website"},"datePublished":"2016-04-15T09:51:30+00:00","dateModified":"2016-10-11T17:11:45+00:00","breadcrumb":{"@id":"https:\/\/www.arzak.es\/fr\/politique-de-confidentialite\/#breadcrumb"},"inLanguage":"fr-FR","potentialAction":[{"@type":"ReadAction","target":["https:\/\/www.arzak.es\/fr\/politique-de-confidentialite\/"]}]},{"@type":"BreadcrumbList","@id":"https:\/\/www.arzak.es\/fr\/politique-de-confidentialite\/#breadcrumb","itemListElement":[{"@type":"ListItem","position":1,"name":"Portada","item":"https:\/\/www.arzak.es\/fr\/"},{"@type":"ListItem","position":2,"name":"Politique de confidentialit\u00e9"}]}]}},"_links":{"self":[{"href":"https:\/\/www.arzak.es\/fr\/wp-json\/wp\/v2\/pages\/215"}],"collection":[{"href":"https:\/\/www.arzak.es\/fr\/wp-json\/wp\/v2\/pages"}],"about":[{"href":"https:\/\/www.arzak.es\/fr\/wp-json\/wp\/v2\/types\/page"}],"author":[{"embeddable":true,"href":"https:\/\/www.arzak.es\/fr\/wp-json\/wp\/v2\/users\/2"}],"replies":[{"embeddable":true,"href":"https:\/\/www.arzak.es\/fr\/wp-json\/wp\/v2\/comments?post=215"}],"version-history":[{"count":2,"href":"https:\/\/www.arzak.es\/fr\/wp-json\/wp\/v2\/pages\/215\/revisions"}],"predecessor-version":[{"id":220,"href":"https:\/\/www.arzak.es\/fr\/wp-json\/wp\/v2\/pages\/215\/revisions\/220"}],"wp:attachment":[{"href":"https:\/\/www.arzak.es\/fr\/wp-json\/wp\/v2\/media?parent=215"}],"curies":[{"name":"wp","href":"https:\/\/api.w.org\/{rel}","templated":true}]}}